{"id":26,"date":"2025-12-22T15:03:07","date_gmt":"2025-12-22T18:03:07","guid":{"rendered":"https:\/\/digraficasrl.com.ar\/digrafica\/?page_id=26"},"modified":"2025-12-23T10:47:14","modified_gmt":"2025-12-23T13:47:14","slug":"nosotros","status":"publish","type":"page","link":"https:\/\/digraficasrl.com.ar\/digrafica\/nosotros\/","title":{"rendered":"Nosotros"},"content":{"rendered":"\t\t<div data-elementor-type=\"wp-page\" data-elementor-id=\"26\" class=\"elementor elementor-26\">\n\t\t\t\t<div class=\"elementor-element elementor-element-8abfaea e-flex e-con-boxed e-con e-parent\" data-id=\"8abfaea\" data-element_type=\"container\" data-settings=\"{&quot;background_background&quot;:&quot;slideshow&quot;,&quot;background_slideshow_gallery&quot;:[{&quot;id&quot;:57,&quot;url&quot;:&quot;https:\\\/\\\/digraficasrl.com.ar\\\/digrafica\\\/wp-content\\\/uploads\\\/2025\\\/12\\\/FonodHeroNostros.png&quot;}],&quot;background_slideshow_loop&quot;:&quot;yes&quot;,&quot;background_slideshow_slide_duration&quot;:5000,&quot;background_slideshow_slide_transition&quot;:&quot;fade&quot;,&quot;background_slideshow_transition_duration&quot;:500}\">\n\t\t\t\t\t<div class=\"e-con-inner\">\n\t\t<div class=\"elementor-element elementor-element-b27b4d5 e-con-full e-flex e-con e-child\" data-id=\"b27b4d5\" data-element_type=\"container\">\n\t\t\t\t<div class=\"elementor-element elementor-element-f200785 elementor-widget elementor-widget-heading\" data-id=\"f200785\" data-element_type=\"widget\" data-widget_type=\"heading.default\">\n\t\t\t\t\t<h1 class=\"elementor-heading-title elementor-size-default\">Nosotros<\/h1>\t\t\t\t<\/div>\n\t\t\t\t<div class=\"elementor-element elementor-element-458b184 elementor-widget elementor-widget-text-editor\" data-id=\"458b184\" data-element_type=\"widget\" data-widget_type=\"text-editor.default\">\n\t\t\t\t\t\t\t\t\t<p>Orgullosos de Pertenecer a la Familia FAIP s.a.i.c.<\/p>\t\t\t\t\t\t\t\t<\/div>\n\t\t\t\t<\/div>\n\t\t<div class=\"elementor-element elementor-element-cbe0bde e-con-full e-flex e-con e-child\" data-id=\"cbe0bde\" data-element_type=\"container\">\n\t\t\t\t<div class=\"elementor-element elementor-element-04a8952 elementor-widget elementor-widget-image\" data-id=\"04a8952\" data-element_type=\"widget\" data-widget_type=\"image.default\">\n\t\t\t\t\t\t\t\t\t\t\t\t\t\t\t<img fetchpriority=\"high\" decoding=\"async\" width=\"300\" height=\"300\" src=\"https:\/\/digraficasrl.com.ar\/digrafica\/wp-content\/uploads\/2025\/12\/LogoFAIP-300x300.png\" class=\"attachment-medium size-medium wp-image-87\" alt=\"\" srcset=\"https:\/\/digraficasrl.com.ar\/digrafica\/wp-content\/uploads\/2025\/12\/LogoFAIP-300x300.png 300w, https:\/\/digraficasrl.com.ar\/digrafica\/wp-content\/uploads\/2025\/12\/LogoFAIP-150x150.png 150w, https:\/\/digraficasrl.com.ar\/digrafica\/wp-content\/uploads\/2025\/12\/LogoFAIP-768x768.png 768w, https:\/\/digraficasrl.com.ar\/digrafica\/wp-content\/uploads\/2025\/12\/LogoFAIP.png 1000w\" sizes=\"(max-width: 300px) 100vw, 300px\" \/>\t\t\t\t\t\t\t\t\t\t\t\t\t\t\t<\/div>\n\t\t\t\t<\/div>\n\t\t\t\t\t<\/div>\n\t\t\t\t<\/div>\n\t\t<div class=\"elementor-element elementor-element-f2beaad e-flex e-con-boxed e-con e-parent\" data-id=\"f2beaad\" data-element_type=\"container\">\n\t\t\t\t\t<div class=\"e-con-inner\">\n\t\t\t\t<div class=\"elementor-element elementor-element-0035556 elementor-widget-divider--view-line_text elementor-widget-divider--element-align-center elementor-widget elementor-widget-divider\" data-id=\"0035556\" data-element_type=\"widget\" data-widget_type=\"divider.default\">\n\t\t\t\t\t\t\t<div class=\"elementor-divider\">\n\t\t\t<span class=\"elementor-divider-separator\">\n\t\t\t\t\t\t\t<span class=\"elementor-divider__text elementor-divider__element\">\n\t\t\t\t\u00bfQUI\u00c9NES SOMOS?\t\t\t\t<\/span>\n\t\t\t\t\t\t<\/span>\n\t\t<\/div>\n\t\t\t\t\t\t<\/div>\n\t\t\t\t\t<\/div>\n\t\t\t\t<\/div>\n\t\t<div class=\"elementor-element elementor-element-89976b4 e-flex e-con-boxed e-con e-parent\" data-id=\"89976b4\" data-element_type=\"container\">\n\t\t\t\t\t<div class=\"e-con-inner\">\n\t\t\t\t<div class=\"elementor-element elementor-element-297d95f elementor-widget elementor-widget-text-editor\" data-id=\"297d95f\" data-element_type=\"widget\" data-widget_type=\"text-editor.default\">\n\t\t\t\t\t\t\t\t\t<p>Somos importadores y distribuidores oficiales de insumos de comunicaci\u00f3n visual marca UNICAL. Contamos con m\u00e1s de 20 a\u00f1os de trayectoria brindando soluciones a empresas de todo el pa\u00eds.<\/p>\t\t\t\t\t\t\t\t<\/div>\n\t\t\t\t\t<\/div>\n\t\t\t\t<\/div>\n\t\t<div class=\"elementor-element elementor-element-bad00b3 e-flex e-con-boxed e-con e-parent\" data-id=\"bad00b3\" data-element_type=\"container\">\n\t\t\t\t\t<div class=\"e-con-inner\">\n\t\t\t\t<div class=\"elementor-element elementor-element-d47f809 elementor-widget-divider--view-line_text elementor-widget-divider--element-align-center elementor-widget elementor-widget-divider\" data-id=\"d47f809\" data-element_type=\"widget\" data-widget_type=\"divider.default\">\n\t\t\t\t\t\t\t<div class=\"elementor-divider\">\n\t\t\t<span class=\"elementor-divider-separator\">\n\t\t\t\t\t\t\t<span class=\"elementor-divider__text elementor-divider__element\">\n\t\t\t\tNUESTRO COMPROMISO\t\t\t\t<\/span>\n\t\t\t\t\t\t<\/span>\n\t\t<\/div>\n\t\t\t\t\t\t<\/div>\n\t\t\t\t\t<\/div>\n\t\t\t\t<\/div>\n\t\t<div class=\"elementor-element elementor-element-25073af e-flex e-con-boxed e-con e-parent\" data-id=\"25073af\" data-element_type=\"container\">\n\t\t\t\t\t<div class=\"e-con-inner\">\n\t\t\t\t<div class=\"elementor-element elementor-element-0f21f3c elementor-widget elementor-widget-text-editor\" data-id=\"0f21f3c\" data-element_type=\"widget\" data-widget_type=\"text-editor.default\">\n\t\t\t\t\t\t\t\t\t<p>Desde nuestros inicios, trabajamos con un objetivo claro: mejorar d\u00eda a d\u00eda la atenci\u00f3n al cliente. Mantenemos un contacto permanente que nos permite conocer sus expectativas, anticiparnos a sus necesidades y ofrecer un servicio \u00e1gil y confiable.<\/p><p>Estamos atentos a la renovaci\u00f3n constante de materiales y tecnolog\u00eda, as\u00ed como a las exigencias del rubro publicitario, asegurando un stock permanente y actualizado.<\/p><p>Contamos con infraestructura y log\u00edstica propias para entregarle su pedido en el lugar y momento que lo necesite.<\/p>\t\t\t\t\t\t\t\t<\/div>\n\t\t\t\t\t<\/div>\n\t\t\t\t<\/div>\n\t\t<div class=\"elementor-element elementor-element-feac67d e-flex e-con-boxed e-con e-parent\" data-id=\"feac67d\" data-element_type=\"container\">\n\t\t\t\t\t<div class=\"e-con-inner\">\n\t\t\t\t<div class=\"elementor-element elementor-element-fdcc3eb elementor-widget-divider--view-line_text elementor-widget-divider--element-align-center elementor-widget elementor-widget-divider\" data-id=\"fdcc3eb\" data-element_type=\"widget\" data-widget_type=\"divider.default\">\n\t\t\t\t\t\t\t<div class=\"elementor-divider\">\n\t\t\t<span class=\"elementor-divider-separator\">\n\t\t\t\t\t\t\t<span class=\"elementor-divider__text elementor-divider__element\">\n\t\t\t\tNUESTRA VISI\u00d3N\t\t\t\t<\/span>\n\t\t\t\t\t\t<\/span>\n\t\t<\/div>\n\t\t\t\t\t\t<\/div>\n\t\t\t\t\t<\/div>\n\t\t\t\t<\/div>\n\t\t<div class=\"elementor-element elementor-element-c3ce0e7 e-flex e-con-boxed e-con e-parent\" data-id=\"c3ce0e7\" data-element_type=\"container\">\n\t\t\t\t\t<div class=\"e-con-inner\">\n\t\t\t\t<div class=\"elementor-element elementor-element-2ea96be elementor-widget elementor-widget-text-editor\" data-id=\"2ea96be\" data-element_type=\"widget\" data-widget_type=\"text-editor.default\">\n\t\t\t\t\t\t\t\t\t<p>Invertimos en forma continua para crecer junto a nuestros clientes y acompa\u00f1arlos en el desarrollo de sus negocios.<\/p>\t\t\t\t\t\t\t\t<\/div>\n\t\t\t\t\t<\/div>\n\t\t\t\t<\/div>\n\t\t<div class=\"elementor-element elementor-element-fbb697a e-flex e-con-boxed e-con e-parent\" data-id=\"fbb697a\" data-element_type=\"container\">\n\t\t\t\t\t<div class=\"e-con-inner\">\n\t\t\t\t<div class=\"elementor-element elementor-element-71c5ea6 elementor-widget-divider--view-line_text elementor-widget-divider--element-align-center elementor-widget elementor-widget-divider\" data-id=\"71c5ea6\" data-element_type=\"widget\" data-widget_type=\"divider.default\">\n\t\t\t\t\t\t\t<div class=\"elementor-divider\">\n\t\t\t<span class=\"elementor-divider-separator\">\n\t\t\t\t\t\t\t<span class=\"elementor-divider__text elementor-divider__element\">\n\t\t\t\tLO QUE NOS DIFERENCIA\t\t\t\t<\/span>\n\t\t\t\t\t\t<\/span>\n\t\t<\/div>\n\t\t\t\t\t\t<\/div>\n\t\t\t\t\t<\/div>\n\t\t\t\t<\/div>\n\t\t<div class=\"elementor-element elementor-element-9a95e84 e-flex e-con-boxed e-con e-parent\" data-id=\"9a95e84\" data-element_type=\"container\">\n\t\t\t\t\t<div class=\"e-con-inner\">\n\t\t\t\t<div class=\"elementor-element elementor-element-6e4baac elementor-widget elementor-widget-text-editor\" data-id=\"6e4baac\" data-element_type=\"widget\" data-widget_type=\"text-editor.default\">\n\t\t\t\t\t\t\t\t\t<ul><li>Atenci\u00f3n personalizada, cercana y profesional.<\/li><li>Amplio cat\u00e1logo con la mejor relaci\u00f3n precio-calidad del mercado.<\/li><li>Entrega \u00e1gil, de 24 a 48 horas en todo el pa\u00eds.<\/li><li>Stock permanente, siempre disponible.<\/li><li>Confianza y \u00e9tica comercial, base de cada v\u00ednculo.<\/li><\/ul>\t\t\t\t\t\t\t\t<\/div>\n\t\t\t\t\t<\/div>\n\t\t\t\t<\/div>\n\t\t<div class=\"elementor-element elementor-element-53b3da1 e-flex e-con-boxed e-con e-parent\" data-id=\"53b3da1\" data-element_type=\"container\">\n\t\t\t\t\t<div class=\"e-con-inner\">\n\t\t\t\t<div class=\"elementor-element elementor-element-69eff58 elementor-widget elementor-widget-spacer\" data-id=\"69eff58\" data-element_type=\"widget\" data-widget_type=\"spacer.default\">\n\t\t\t\t\t\t\t<div class=\"elementor-spacer\">\n\t\t\t<div class=\"elementor-spacer-inner\"><\/div>\n\t\t<\/div>\n\t\t\t\t\t\t<\/div>\n\t\t\t\t\t<\/div>\n\t\t\t\t<\/div>\n\t\t\t\t<\/div>\n\t\t","protected":false},"excerpt":{"rendered":"<p>Nosotros Orgullosos de Pertenecer a la Familia FAIP s.a.i.c. \u00bfQUI\u00c9NES SOMOS? Somos importadores y distribuidores oficiales de insumos de comunicaci\u00f3n visual marca UNICAL. Contamos con m\u00e1s de 20 a\u00f1os de trayectoria brindando soluciones a empresas de todo el pa\u00eds. NUESTRO COMPROMISO Desde nuestros inicios, trabajamos con un objetivo claro: mejorar d\u00eda a d\u00eda la atenci\u00f3n&hellip;&nbsp;<a href=\"https:\/\/digraficasrl.com.ar\/digrafica\/nosotros\/\" rel=\"bookmark\"><span class=\"screen-reader-text\">Nosotros<\/span><\/a><\/p>\n","protected":false},"author":2,"featured_media":0,"parent":0,"menu_order":0,"comment_status":"closed","ping_status":"closed","template":"page-templates\/template-pagebuilder-full-width.php","meta":{"neve_meta_sidebar":"","neve_meta_container":"","neve_meta_enable_content_width":"","neve_meta_content_width":0,"neve_meta_title_alignment":"","neve_meta_author_avatar":"","neve_post_elements_order":"","neve_meta_disable_header":"","neve_meta_disable_footer":"","neve_meta_disable_title":"","_joinchat":[],"footnotes":""},"class_list":["post-26","page","type-page","status-publish","hentry"],"jetpack_sharing_enabled":true,"_links":{"self":[{"href":"https:\/\/digraficasrl.com.ar\/digrafica\/wp-json\/wp\/v2\/pages\/26","targetHints":{"allow":["GET"]}}],"collection":[{"href":"https:\/\/digraficasrl.com.ar\/digrafica\/wp-json\/wp\/v2\/pages"}],"about":[{"href":"https:\/\/digraficasrl.com.ar\/digrafica\/wp-json\/wp\/v2\/types\/page"}],"author":[{"embeddable":true,"href":"https:\/\/digraficasrl.com.ar\/digrafica\/wp-json\/wp\/v2\/users\/2"}],"replies":[{"embeddable":true,"href":"https:\/\/digraficasrl.com.ar\/digrafica\/wp-json\/wp\/v2\/comments?post=26"}],"version-history":[{"count":13,"href":"https:\/\/digraficasrl.com.ar\/digrafica\/wp-json\/wp\/v2\/pages\/26\/revisions"}],"predecessor-version":[{"id":90,"href":"https:\/\/digraficasrl.com.ar\/digrafica\/wp-json\/wp\/v2\/pages\/26\/revisions\/90"}],"wp:attachment":[{"href":"https:\/\/digraficasrl.com.ar\/digrafica\/wp-json\/wp\/v2\/media?parent=26"}],"curies":[{"name":"wp","href":"https:\/\/api.w.org\/{rel}","templated":true}]}}